{"id":185,"date":"2023-11-28T10:30:29","date_gmt":"2023-11-28T10:30:29","guid":{"rendered":"https:\/\/canalinternoinfo.com\/?page_id=185"},"modified":"2023-11-28T22:26:12","modified_gmt":"2023-11-28T22:26:12","slug":"acceso-comunicacion","status":"publish","type":"page","link":"https:\/\/arriva.canalinternoinfo.com\/index.php\/acceso-comunicacion\/","title":{"rendered":"Acceso Comunicaci\u00f3n"},"content":{"rendered":"\t\t<div data-elementor-type=\"wp-page\" data-elementor-id=\"185\" class=\"elementor elementor-185\">\n\t\t\t\t\t\t\t<div class=\"elementor-element elementor-element-7b59359 e-flex e-con-boxed e-con e-parent\" data-id=\"7b59359\" data-element_type=\"container\" data-settings=\"{&quot;content_width&quot;:&quot;boxed&quot;}\" data-core-v316-plus=\"true\">\n\t\t\t\t\t<div class=\"e-con-inner\">\n\t\t\t\t<div class=\"elementor-element elementor-element-740aed0 elementor-widget elementor-widget-heading\" data-id=\"740aed0\" data-element_type=\"widget\" data-widget_type=\"heading.default\">\n\t\t\t\t<div class=\"elementor-widget-container\">\n\t\t\t<style>\/*! elementor - v3.17.0 - 08-11-2023 *\/\n.elementor-heading-title{padding:0;margin:0;line-height:1}.elementor-widget-heading .elementor-heading-title[class*=elementor-size-]>a{color:inherit;font-size:inherit;line-height:inherit}.elementor-widget-heading .elementor-heading-title.elementor-size-small{font-size:15px}.elementor-widget-heading .elementor-heading-title.elementor-size-medium{font-size:19px}.elementor-widget-heading .elementor-heading-title.elementor-size-large{font-size:29px}.elementor-widget-heading .elementor-heading-title.elementor-size-xl{font-size:39px}.elementor-widget-heading .elementor-heading-title.elementor-size-xxl{font-size:59px}<\/style><h2 class=\"elementor-heading-title elementor-size-default\">Consultar una comunicaci\u00f3n - Acceso<\/h2>\t\t<\/div>\n\t\t\t\t<\/div>\n\t\t\t\t<div class=\"elementor-element elementor-element-f28d451 elementor-widget elementor-widget-shortcode\" data-id=\"f28d451\" data-element_type=\"widget\" data-widget_type=\"shortcode.default\">\n\t\t\t\t<div class=\"elementor-widget-container\">\n\t\t\t\t\t<div class=\"elementor-shortcode\">\r\n<style>\r\n    \/********************************\nVersi\u00f3n: 01\nFecha: 28.11.23\nDescricpi\u00f3n: Construcci\u00f3n CSS\n*********************************\nVersi\u00f3n: 02\nFecha: 29.11.23\nDescricpi\u00f3n: Construcci\u00f3n CSS\n*********************************\nVersi\u00f3n: 03\nFecha: 30.11.23\nDescricpi\u00f3n: Construcci\u00f3n CSS de la parte de introducci\u00f3n de datos\n*********************************\n\nVersi\u00f3n: 04\nFecha: 10.01.24\nDescricpi\u00f3n: Personalizacion para empresa arriva\n\n*******************************\nVersi\u00f3n: 05\nFecha: 11.01.24\nDescricpi\u00f3n: Personalizacion barra de progreso\n\n*******************************\nVersi\u00f3n: 06\nFecha: 17.01.24\nDescricpi\u00f3n: Estilos para tablas\n\n*********************************\nVersi\u00f3n: 07\nFecha: 08.02.24\nDescricpi\u00f3n: Cambios de estilos\n\n*********************************\/\n\n\/************* Estilos generales ************\/\np{\n    font-family: \"Open Sans\", Sans-serif;\n    font-size: 16px;\n}\n\nh3{\n    font-family: \"Open Sans\", Sans-serif;\n    font-size: 30px;\n}\nh4{\n    font-family: \"Open Sans\", Sans-serif;\n    font-size: 23px;\n}\n.teseo-boton{\n    color: #FFFFFF;\n    background-color: #000000;\n    border: none;\n    padding: 7px 7px;\n    border-radius: 3px;\n    margin: 20px 0 0 0;\n    font-size: 12px;\n    \n}\n.teseo-boton:hover{\n    color: #000000;\n    background-color: #00BECE;\n\n}\n\n.teseo-enlace-en-boton{\n    color: #FFFFFF;\n    font-weight: 400;\n}\n.teseo-enlace-en-boton:hover{\n    color: #000000;\n    font-weight: 400;\n}\n\ntable{\n    width:100%;\n}\n\ntd {\n    padding: 4px 10px;\n}\n\n\/************* Estilos de Formularios general***********\/\nlabel{\n    font-family: \"Open Sans\", Sans-serif;\n    font-size: 16px;\n}\n\ninput{\n    font-family: \"Open Sans\", Sans-serif;\n    font-size: 16px;\n}\nselect{\n    font-family: \"Open Sans\", Sans-serif;\n    font-size: 16px;\n}\noption{\n    font-family: \"Open Sans\", Sans-serif;\n    font-size: 16px;\n}\ntextarea{\n    font-family: \"Open Sans\", Sans-serif;\n    font-size: 16px;\n    padding: 20px;\n}\n\n.teseo-boton-form{\n    color: #ffffff;\n    background-color: #000000;\n    border: none;\n    padding: 10px 12px;\n    border-radius: 3px;\n    margin: 20px 0 0 0;\n}\n.teseo-boton-form:hover{\n    color: #000000;\n    background-color: #00BECE;\n}\n.teseo-boton-form-volver{\n    color: #ffffff;\n    background-color: #000000;\n    border: none;\n    padding: 10px 12px;\n    border-radius: 3px;\n    margin: 20px 0 0 0;\n    font-family: \"Open Sans\", Sans-serif;\n    font-size: 16px;\n}\n.teseo-boton-form-volver:hover{\n    color: #000000;\n    background-color: #00BECE;\n    font-family: \"Open Sans\", Sans-serif;\n    font-size: 16px;\n}\n\n.teseo-nota{\n    font-size: 12px;\n}\n\n.teseo-caja-descripcion{\n    width: 100%;\n    overflow-y: scroll;\n    height: 200px;\n}\n\n\n\n\n\/************* ESTILOS ACCESO A CONSULTA DE COMUNICACION **************\/\n\n#teseo-label-acceso-consulta-id-comunicacion{\n    margin: 0 40px 0 0;\n}\n\n#teseo-label-acceso-consulta-pass-comunicacion{\n    margin: 0 15px 0 0;\n}\n\n\/************ ESTILOS ACCESO A CONSULTA DE EMPRESA *****************\/\n\n#teseo-label-acceso-usuario{\n    margin: 0 29px 0 0;\n}\n\n#teseo-label-acceso-pass{\n    margin: 0 5px 0 0;\n}\n\n#teseo-label-acceso-empresa{\n    margin: 0 25px 0 0;\n}\n\n\/************ ESTILOS ACCESO A CONSULTA DE GESTOR *****************\/\n\n#teseo-label-acceso-usuario-gestor{\n    margin: 0 33px 0 0;\n}\n\n#teseo-label-acceso-pass-gestor{\n    margin: 0 5px 0 0;\n}\n\n\/************* ESTILOS FICHA COMUNICACION *************************\/\n\n.teseo-caja{\n    border: 1px solid;\n    padding: 20px;\n    margin: 30px;\n    border-radius: 5px;\n}\n\n\/******************* ESTILOS TABLA CONSULTAS ****************************\/\n#teseo-columna-enlace{\n    text-align: center;\n}\n\n\/******************* ESTILOS ENVIAR COMUNICACION ***********************\/\n#descripcionSituacion{\n    font-family: \"Open Sans\", Sans-serif;\n    font-size: 16px;\n    margin: 20px 0 0 0;\n}\n#campos_relacionados{\n    margin: 20px 0 0 0;\n}\n\n#teseo-label-nombre-informante{\n    margin: 0 24px 0 0;\n}\n#teseo-label-apellido-informante{\n    margin: 0 16px 0 0;\n}\n#teseo-label-dni-informante{\n    margin: 0 56px 0 0;\n}\n#teseo-label-email-informante{\n    margin: 0 42px 0 0;\n}\n#teseo-label-telefono-informante{\n    margin: 0 21px 0 0;\n}\n\n#teseo-label-nombre-testigo{\n    margin: 0 24px 0 0;\n}\n#teseo-label-apellido-testigo{\n    margin: 0 16px 0 0;\n}\n#teseo-label-dni-testigo{\n    margin: 0 56px 0 0;\n}\n#teseo-label-email-testigo{\n    margin: 0 42px 0 0;\n}\n#teseo-label-telefono-testigo{\n    margin: 0 21px 0 0;\n}\n\n\n\/***************** BARRA DE PROGRESO ***********************\/\n.progress-bar {\n    display: flex;\n    justify-content: space-between;\n    align-items: center;\n    margin: 40px 0 60px 0; \/* Ajusta seg\u00fan sea necesario *\/\n    text-align: center;\n}\n\n.step {\n    width: 40px;\n    height: 40px;\n    background-color: #000000;\n    color: #fff;\n    border-radius: 50%;\n    display: flex;\n    align-items: center;\n    justify-content: center;\n    font-family: \"Open Sans\", Sans-serif;\n    font-size: 20px;\n    margin-bottom: 10px; \/* Espacio entre el n\u00famero del paso y el t\u00edtulo *\/\n}\n\n.step-done {\n    background-color: #00BECE; \/* Color del c\u00edrculo cuando el paso est\u00e1 completado *\/\n    color: #000000;\n    font-family: \"Open Sans\", Sans-serif;\n    font-size: 20px;\n    font-weight: 500;\n}\n\n.divider {\n    height: 1px;\n    width: 50px; \/* Ajusta seg\u00fan sea necesario *\/\n    background-color: #000000; \/* Color del divisor entre los c\u00edrculos *\/\n    margin: 7px 0 33px 0; \/* Espacio alrededor del divisor *\/\n}\n\n.step-container {\n    display: flex;\n    flex-direction: column;\n    align-items: center;\n    \n}\n\n.title {\n    \/* Estilos para los t\u00edtulos *\/\n    color: #000000;\n    font-size: 16px;\n    \/* No es necesario margin extra aqu\u00ed, se controla en .step *\/\n}\n\n.title-done {\n    font-weight: bold; \/* Esto har\u00e1 que el texto est\u00e9 en negrita *\/\n}\n\n#textareamensaje{\n\twidth: 100%;\n}\n\n.justificado {\n    text-align: justify;\n    text-justify: inter-word;\n}\n\n\/* Estilos para el bot\u00f3n y la animaci\u00f3n de cargando *\/\n.button-container {\n    display: flex;      \/* Alineaci\u00f3n horizontal de elementos *\/\n    align-items: center; \/* Centra los elementos verticalmente *\/\n    gap: 10px;          \/* Espacio entre el bot\u00f3n y el spinner *\/\n}\n\n.button-loader {\n    cursor: pointer;  \/* Estilo del cursor *\/\n    position: relative; \/* Posicionamiento relativo para el bot\u00f3n *\/\n}\n\n.loader {\n\tmargin-top: 20px;\n    border: 4px solid #f3f3f3; \/* Borde gris para partes no activas del spinner *\/\n    border-top: 4px solid #3498db; \/* Borde azul para la parte activa del spinner *\/\n    border-radius: 50%;\n    width: 25px;\n    height: 25px;\n    animation: spin 2s linear infinite; \/* Animaci\u00f3n de giro *\/\n    display: none; \/* Oculto por defecto *\/\n}\n\n@keyframes spin {\n    0% { transform: rotate(0deg); }\n    100% { transform: rotate(360deg); }\n}\n\n\n\n\n\r\n<\/style>\r\n\r\n\r\n    <div>\r\n        <p>\r\n        Introduce el Identificador de comunicaci\u00f3n y la Clave de comunicaci\u00f3n que obtuviste al generar la comunicaci\u00f3n.\r\n        <\/p>\r\n    <\/div>\r\n\r\n    <form action=\" \/index.php\/wp-json\/wp\/v2\/pages\/185\" method=\"post\">\r\n        <label id=\"teseo-label-acceso-consulta-id-comunicacion\" for=\"id_comunicacion\">ID de Comunicaci\u00f3n*:<\/label>\r\n        <input type=\"text\" name=\"id_comunicacion\" required><br>\r\n\r\n        <label id=\"teseo-label-acceso-consulta-pass-comunicacion\" for=\"pass_comunicacion\">Clave de Comunicaci\u00f3n*:<\/label>\r\n        <input type=\"password\" name=\"pass_comunicacion\" required><br>\r\n\r\n        <input class=\"teseo-boton-form\" type=\"submit\" value=\"Enviar\">\r\n        <p class=\"teseo-nota\"> Los campos marcados con * son obligatorios <p>\r\n    <\/form>\r\n<\/div>\n\t\t\t\t<\/div>\n\t\t\t\t<\/div>\n\t\t\t\t\t<\/div>\n\t\t\t\t<\/div>\n\t\t\t\t\t\t\t<\/div>\n\t\t","protected":false},"excerpt":{"rendered":"<p>Consultar una comunicaci\u00f3n &#8211; Acceso<\/p>\n","protected":false},"author":1,"featured_media":0,"parent":0,"menu_order":0,"comment_status":"closed","ping_status":"closed","template":"","meta":{"footnotes":""},"class_list":["post-185","page","type-page","status-publish","hentry"],"_links":{"self":[{"href":"https:\/\/arriva.canalinternoinfo.com\/index.php\/wp-json\/wp\/v2\/pages\/185","targetHints":{"allow":["GET"]}}],"collection":[{"href":"https:\/\/arriva.canalinternoinfo.com\/index.php\/wp-json\/wp\/v2\/pages"}],"about":[{"href":"https:\/\/arriva.canalinternoinfo.com\/index.php\/wp-json\/wp\/v2\/types\/page"}],"author":[{"embeddable":true,"href":"https:\/\/arriva.canalinternoinfo.com\/index.php\/wp-json\/wp\/v2\/users\/1"}],"replies":[{"embeddable":true,"href":"https:\/\/arriva.canalinternoinfo.com\/index.php\/wp-json\/wp\/v2\/comments?post=185"}],"version-history":[{"count":10,"href":"https:\/\/arriva.canalinternoinfo.com\/index.php\/wp-json\/wp\/v2\/pages\/185\/revisions"}],"predecessor-version":[{"id":281,"href":"https:\/\/arriva.canalinternoinfo.com\/index.php\/wp-json\/wp\/v2\/pages\/185\/revisions\/281"}],"wp:attachment":[{"href":"https:\/\/arriva.canalinternoinfo.com\/index.php\/wp-json\/wp\/v2\/media?parent=185"}],"curies":[{"name":"wp","href":"https:\/\/api.w.org\/{rel}","templated":true}]}}