{"id":336,"date":"2024-01-25T09:13:34","date_gmt":"2024-01-25T08:13:34","guid":{"rendered":"https:\/\/arriva.canalinternoinfo.com\/?page_id=336"},"modified":"2024-02-09T13:39:21","modified_gmt":"2024-02-09T12:39:21","slug":"proteccion-de-datos","status":"publish","type":"page","link":"https:\/\/arriva.canalinternoinfo.com\/index.php\/proteccion-de-datos\/","title":{"rendered":"PROTECCI\u00d3N DE DATOS"},"content":{"rendered":"\t\t<div data-elementor-type=\"wp-page\" data-elementor-id=\"336\" class=\"elementor elementor-336\">\n\t\t\t\t\t\t\t<div class=\"elementor-element elementor-element-0fd5eec e-flex e-con-boxed e-con e-parent\" data-id=\"0fd5eec\" data-element_type=\"container\" data-settings=\"{&quot;content_width&quot;:&quot;boxed&quot;}\" data-core-v316-plus=\"true\">\n\t\t\t\t\t<div class=\"e-con-inner\">\n\t\t\t\t<div class=\"elementor-element elementor-element-9604f4c elementor-widget elementor-widget-heading\" data-id=\"9604f4c\" data-element_type=\"widget\" data-widget_type=\"heading.default\">\n\t\t\t\t<div class=\"elementor-widget-container\">\n\t\t\t<style>\/*! elementor - v3.17.0 - 08-11-2023 *\/\n.elementor-heading-title{padding:0;margin:0;line-height:1}.elementor-widget-heading .elementor-heading-title[class*=elementor-size-]>a{color:inherit;font-size:inherit;line-height:inherit}.elementor-widget-heading .elementor-heading-title.elementor-size-small{font-size:15px}.elementor-widget-heading .elementor-heading-title.elementor-size-medium{font-size:19px}.elementor-widget-heading .elementor-heading-title.elementor-size-large{font-size:29px}.elementor-widget-heading .elementor-heading-title.elementor-size-xl{font-size:39px}.elementor-widget-heading .elementor-heading-title.elementor-size-xxl{font-size:59px}<\/style><h2 class=\"elementor-heading-title elementor-size-default\">PROTECCI\u00d3N DE DATOS<\/h2>\t\t<\/div>\n\t\t\t\t<\/div>\n\t\t\t\t<div class=\"elementor-element elementor-element-a681076 elementor-widget elementor-widget-text-editor\" data-id=\"a681076\" data-element_type=\"widget\" data-widget_type=\"text-editor.default\">\n\t\t\t\t<div class=\"elementor-widget-container\">\n\t\t\t<style>\/*! elementor - v3.17.0 - 08-11-2023 *\/\n.elementor-widget-text-editor.elementor-drop-cap-view-stacked .elementor-drop-cap{background-color:#69727d;color:#fff}.elementor-widget-text-editor.elementor-drop-cap-view-framed .elementor-drop-cap{color:#69727d;border:3px solid;background-color:transparent}.elementor-widget-text-editor:not(.elementor-drop-cap-view-default) .elementor-drop-cap{margin-top:8px}.elementor-widget-text-editor:not(.elementor-drop-cap-view-default) .elementor-drop-cap-letter{width:1em;height:1em}.elementor-widget-text-editor .elementor-drop-cap{float:left;text-align:center;line-height:1;font-size:50px}.elementor-widget-text-editor .elementor-drop-cap-letter{display:inline-block}<\/style>\t\t\t\t<p>Seg\u00fan lo dispuesto en la normativa de protecci\u00f3n de datos de car\u00e1cter personal, se le informa de que los mismos ser\u00e1n tratados e incorporados en una actividad de tratamiento, cuya finalidad es la correcta gesti\u00f3n del canal interno del informante en nuestra entidad. La legitimaci\u00f3n para el tratamiento de sus datos, por tanto, es una obligaci\u00f3n legal impuesta por la Ley 2\/2023, de 20 de febrero, reguladora de la protecci\u00f3n de las personas que informen sobre infracciones normativas y de lucha contra la corrupci\u00f3n.<\/p><p>Es probable, que, a la hora de emitir una comunicaci\u00f3n, usted nos revele datos especialmente protegidos, como, por ejemplo, datos relativos a su salud, vida y orientaci\u00f3n sexual, que revelen su origen \u00e9tnico o racial o que revelen una situaci\u00f3n de acoso. En tal caso, la licitud para el tratamiento de los mismos responder\u00e1 a los art\u00edculos 9.2.b y 9.2.h del Reglamento (UE) 2016\/679, de Protecci\u00f3n de Datos Personales y garant\u00eda de los derechos digitales, es decir, aquella relativa al cumplimiento de obligaciones legales y que el tratamiento es necesario por razones de inter\u00e9s p\u00fablico esencial.<\/p><p>El tratamiento de datos personales derivado de una revelaci\u00f3n p\u00fablica se presumir\u00e1 amparado en lo dispuesto en los art\u00edculos 6.1.e del Reglamento (UE) 2016\/679 del Parlamento Europeo y del Consejo, de 27 de abril de 2016, y 11 de la Ley Org\u00e1nica 7\/2021, de 26 de mayo, en tanto esta responde al cumplimiento de una misi\u00f3n realizada en inter\u00e9s p\u00fablico.<\/p><p>Adem\u00e1s, en caso de que nos comunique una direcci\u00f3n de correo electr\u00f3nico, n\u00famero de tel\u00e9fono u otro medio para ponernos en contacto con usted a la hora de gestionar la comunicaci\u00f3n emitida, la legitimaci\u00f3n para notificarle cuantas circunstancias y requerimientos sean necesarios para la correcta marcha del proceso de investigaci\u00f3n responder\u00e1 tambi\u00e9n a una obligaci\u00f3n legal aplicable al Responsable del Sistema.<\/p><p>Los datos proporcionados se conservar\u00e1n durante el tiempo necesario para cumplir con las exigencias legales y para determinar las posibles responsabilidades que se pudieran derivar de dicha finalidad y del tratamiento de los datos.<\/p><p>Dentro del \u00e1mbito de la entidad, tan solo tendr\u00e1n acceso a los datos que proporcione, y siempre que responda a una necesidad para el desarrollo de la gesti\u00f3n de las comunicaciones recibidas, el Responsable del Sistema, el responsable de recursos humanos u \u00f3rgano competente designado, el responsable de servicios jur\u00eddicos y el Delegado de Protecci\u00f3n de Datos. No se ceder\u00e1n datos a terceros, salvo obligaci\u00f3n legal, en su caso, a la Autoridad judicial, al Ministerio Fiscal o a la autoridad administrativa o cuando esta comunicaci\u00f3n sea necesaria para la correcta gesti\u00f3n de las comunicaciones emitidas a trav\u00e9s del Canal del Informante a encargados o subencargados del tratamiento debidamente designados.<\/p><p>Usted tiene derecho a presentar una reclamaci\u00f3n ante la Agencia Espa\u00f1ola de Protecci\u00f3n de Datos (www.aepd.es). Para el ejercicio de sus derechos de acceso, rectificaci\u00f3n o supresi\u00f3n, limitaci\u00f3n de su tratamiento, portabilidad y\/u oposici\u00f3n podr\u00e1 dirigirse al responsable del tratamiento: ARRIVA SPAIN HOLDING, S.L., C\/ Fraguas 27 \u2013 Pol. Ind. Urtinsa, 28923 Alcorc\u00f3n (Madrid) o calidad@arriva.es<\/p>\t\t\t\t\t\t<\/div>\n\t\t\t\t<\/div>\n\t\t\t\t\t<\/div>\n\t\t\t\t<\/div>\n\t\t\t\t\t\t\t<\/div>\n\t\t","protected":false},"excerpt":{"rendered":"<p>PROTECCI\u00d3N DE DATOS Seg\u00fan lo dispuesto en la normativa de protecci\u00f3n de datos de car\u00e1cter personal, se le informa de que los mismos ser\u00e1n tratados e incorporados en una actividad de tratamiento, cuya finalidad es la correcta gesti\u00f3n del canal interno del informante en nuestra entidad. La legitimaci\u00f3n para el tratamiento de sus datos, por [&hellip;]<\/p>\n","protected":false},"author":1,"featured_media":0,"parent":0,"menu_order":0,"comment_status":"closed","ping_status":"closed","template":"","meta":{"footnotes":""},"class_list":["post-336","page","type-page","status-publish","hentry"],"_links":{"self":[{"href":"https:\/\/arriva.canalinternoinfo.com\/index.php\/wp-json\/wp\/v2\/pages\/336","targetHints":{"allow":["GET"]}}],"collection":[{"href":"https:\/\/arriva.canalinternoinfo.com\/index.php\/wp-json\/wp\/v2\/pages"}],"about":[{"href":"https:\/\/arriva.canalinternoinfo.com\/index.php\/wp-json\/wp\/v2\/types\/page"}],"author":[{"embeddable":true,"href":"https:\/\/arriva.canalinternoinfo.com\/index.php\/wp-json\/wp\/v2\/users\/1"}],"replies":[{"embeddable":true,"href":"https:\/\/arriva.canalinternoinfo.com\/index.php\/wp-json\/wp\/v2\/comments?post=336"}],"version-history":[{"count":10,"href":"https:\/\/arriva.canalinternoinfo.com\/index.php\/wp-json\/wp\/v2\/pages\/336\/revisions"}],"predecessor-version":[{"id":388,"href":"https:\/\/arriva.canalinternoinfo.com\/index.php\/wp-json\/wp\/v2\/pages\/336\/revisions\/388"}],"wp:attachment":[{"href":"https:\/\/arriva.canalinternoinfo.com\/index.php\/wp-json\/wp\/v2\/media?parent=336"}],"curies":[{"name":"wp","href":"https:\/\/api.w.org\/{rel}","templated":true}]}}